{"id":62,"date":"2013-04-09T11:20:15","date_gmt":"2013-04-09T11:20:15","guid":{"rendered":"http:\/\/www.noldpolitech.com.br\/site\/?page_id=62"},"modified":"2021-08-03T16:23:31","modified_gmt":"2021-08-03T16:23:31","slug":"nossa-visao","status":"publish","type":"page","link":"http:\/\/www.noldpolitech.com.br\/site\/nossa-visao\/","title":{"rendered":"Nossa Vis\u00e3o"},"content":{"rendered":"<p>Como parte da ind\u00fastria de transforma\u00e7\u00e3o, buscamos nos aprimorar tecnicamente e tecnologicamente para alcan\u00e7armos<br \/>\na excel\u00eancia na produ\u00e7\u00e3o. Excel\u00eancia para n\u00f3s \u00e9 sin\u00f4nimo de:<\/p>\n<ul>\n<li>Pessoal competente, treinado e alinhado com as diretrizes propostas pela diretoria<\/li>\n<li>Maior quantidade produzida com os menores custos de produ\u00e7\u00e3o<\/li>\n<li>Mat\u00e9rias primas de origem comprovada<\/li>\n<li>\u00cdndices de reprova\u00e7\u00e3o e devolu\u00e7\u00e3o abaixo de quaisquer par\u00e2metros<\/li>\n<\/ul>\n<p>Para que esta excel\u00eancia seja alcan\u00e7ada, procuramos criar procedimentos sistem\u00e1ticos e organizamos os diversos setores da empresa, proporcionando treinamento adequado, num processo cont\u00ednuo.<\/p>\n<p><strong>Pol\u00edtica de Qualidade<\/strong><\/p>\n<blockquote><p>\u201cA Pol\u00edtica de Qualidade da NOLD POLITECH \u00e9 fornecer produtos com padr\u00e3o de excel\u00eancia, aprimorando continuamente seus processos, dentro dos requisitos e prazos de seus clientes, transformando esses compromissos em resultados.Busca capacitar seus colaboradores para alcan\u00e7ar novos desenvolvimentos, tecnologias e informa\u00e7\u00f5es, garantindo a melhoria cont\u00ednua e a satisfa\u00e7\u00e3o de seus clientes.\u201c<\/p><\/blockquote>\n<p><strong>Objetivos da Qualidade<\/strong><\/p>\n<ul>\n<li>Atender aos requisitos de Qualidade<\/li>\n<li>Aumentar a satisfa\u00e7\u00e3o dos clientes<\/li>\n<li>Atender prazos dos clientes<\/li>\n<li>Capacita\u00e7\u00e3o dos colaboradores<\/li>\n<li>Melhorar os processos<\/li>\n<\/ul>\n","protected":false},"excerpt":{"rendered":"<p>Como parte da ind\u00fastria de transforma\u00e7\u00e3o, buscamos nos aprimorar tecnicamente e tecnologicamente para alcan\u00e7armos a excel\u00eancia na produ\u00e7\u00e3o. Excel\u00eancia para n\u00f3s \u00e9 sin\u00f4nimo de: Pessoal competente, treinado e alinhado com as diretrizes propostas pela diretoria Maior quantidade produzida com os menores custos de produ\u00e7\u00e3o Mat\u00e9rias primas de origem comprovada \u00cdndices de reprova\u00e7\u00e3o e devolu\u00e7\u00e3o abaixo [&hellip;]<\/p>\n","protected":false},"author":1,"featured_media":0,"parent":0,"menu_order":0,"comment_status":"closed","ping_status":"closed","template":"","meta":[],"_links":{"self":[{"href":"http:\/\/www.noldpolitech.com.br\/site\/wp-json\/wp\/v2\/pages\/62"}],"collection":[{"href":"http:\/\/www.noldpolitech.com.br\/site\/wp-json\/wp\/v2\/pages"}],"about":[{"href":"http:\/\/www.noldpolitech.com.br\/site\/wp-json\/wp\/v2\/types\/page"}],"author":[{"embeddable":true,"href":"http:\/\/www.noldpolitech.com.br\/site\/wp-json\/wp\/v2\/users\/1"}],"replies":[{"embeddable":true,"href":"http:\/\/www.noldpolitech.com.br\/site\/wp-json\/wp\/v2\/comments?post=62"}],"version-history":[{"count":9,"href":"http:\/\/www.noldpolitech.com.br\/site\/wp-json\/wp\/v2\/pages\/62\/revisions"}],"predecessor-version":[{"id":911,"href":"http:\/\/www.noldpolitech.com.br\/site\/wp-json\/wp\/v2\/pages\/62\/revisions\/911"}],"wp:attachment":[{"href":"http:\/\/www.noldpolitech.com.br\/site\/wp-json\/wp\/v2\/media?parent=62"}],"curies":[{"name":"wp","href":"https:\/\/api.w.org\/{rel}","templated":true}]}}