{"id":52,"date":"2013-04-09T10:05:16","date_gmt":"2013-04-09T10:05:16","guid":{"rendered":"http:\/\/www.noldpolitech.com.br\/site\/?page_id=52"},"modified":"2023-08-01T00:29:18","modified_gmt":"2023-08-01T00:29:18","slug":"sobre-nos","status":"publish","type":"page","link":"http:\/\/www.noldpolitech.com.br\/site\/sobre-nos\/","title":{"rendered":"Sobre N\u00f3s"},"content":{"rendered":"<p>A Nold Politech Filmes e Embalagens Ltda. foi constitu\u00edda em 2.001, no ramo de embalagens pl\u00e1sticas, com o objetivo de fornecer filmes extrusados de alta qualidade, buscar uma participa\u00e7\u00e3o no mercado externo e receber investimentos. Desenvolveu seu projeto industrial e em dezembro de 2.002, iniciou a implanta\u00e7\u00e3o de seu complexo fabril, localizado na regi\u00e3o metropolitana da capital paulista. As obras seguiram durante todo o ano de 2.003 e em janeiro de 2.004, foram extrusados os primeiros filmes. Para satisfazer suas \u00e1reas operacional, administrativa e comercial, investiu em treinamento de suas equipes.<\/p>\n<p><strong>INSTALA\u00c7\u00d5ES<\/strong><br \/>\nHoje, as instala\u00e7\u00f5es da Nold Politech ocupam uma \u00e1rea de 5.000m\u00b2 em Itaquaquecetuba, distante a uma hora do centro de S\u00e3o Paulo, com acesso por tr\u00eas grandes rodovias: as Federais Fern\u00e3o Dias e Dutra e a Estadual Airton Senna, al\u00e9m do Rodoanel trecho leste.<\/p>\n<p><strong>TECNOLOGIA<\/strong><br \/>\nO sistema produtivo da Nold Politech consiste em extrus\u00e3o de filmes tubular, multicamadas, 03 camadas, 07 camadas. Nossos equipamentos possuem controle autom\u00e1tico de espessura, alimenta\u00e7\u00e3o com sistema gravim\u00e9trico e rebobinamento autom\u00e1tico com c\u00e9lula de carga, tecnologias que garantem a alta qualidade de nossos produtos.<\/p>\n<p><strong>EQUIPE<\/strong><br \/>\nO quadro de trabalho da Nold Politech \u00e9 composto de colaboradores treinados e empresas terceirizadas qualificadas.<\/p>\n<p><strong>EXPECTATIVA<\/strong><br \/>\nPara o futuro, as expectativas da Nold Politech s\u00e3o consolidar suas metas e desenvolver novos filmes t\u00e9cnicos especiais.<\/p>\n<p><strong><br \/>\nA Pol\u00edtica de Qualidade da NOLD POLITECH:<\/strong><\/p>\n<p>Fornecer produtos com padr\u00e3o de qualidade, aprimorando continuamente seus processos, dentro dos requisitos e prazos de seus clientes, transformando esses compromissos em resultados.<br \/>\nBusca capacitar seus colaboradores para alcan\u00e7ar novos desenvolvimentos, tecnologias e informa\u00e7\u00f5es, garantindo a melhoria cont\u00ednua e a satisfa\u00e7\u00e3o de seus clientes.\u201d<\/p>\n<p>Objetivos da Qualidade:<br \/>\n\u2022 Atender aos requisitos de Qualidade;<br \/>\n\u2022 Aumentar a satisfa\u00e7\u00e3o dos clientes;<br \/>\n\u2022 Atender prazos dos clientes;<br \/>\n\u2022 Capacita\u00e7\u00e3o dos colaboradores;<br \/>\n\u2022 Melhorar os processos.<\/p>\n","protected":false},"excerpt":{"rendered":"<p>A Nold Politech Filmes e Embalagens Ltda. foi constitu\u00edda em 2.001, no ramo de embalagens pl\u00e1sticas, com o objetivo de fornecer filmes extrusados de alta qualidade, buscar uma participa\u00e7\u00e3o no mercado externo e receber investimentos. Desenvolveu seu projeto industrial e em dezembro de 2.002, iniciou a implanta\u00e7\u00e3o de seu complexo fabril, localizado na regi\u00e3o metropolitana [&hellip;]<\/p>\n","protected":false},"author":1,"featured_media":0,"parent":0,"menu_order":0,"comment_status":"closed","ping_status":"closed","template":"","meta":[],"_links":{"self":[{"href":"http:\/\/www.noldpolitech.com.br\/site\/wp-json\/wp\/v2\/pages\/52"}],"collection":[{"href":"http:\/\/www.noldpolitech.com.br\/site\/wp-json\/wp\/v2\/pages"}],"about":[{"href":"http:\/\/www.noldpolitech.com.br\/site\/wp-json\/wp\/v2\/types\/page"}],"author":[{"embeddable":true,"href":"http:\/\/www.noldpolitech.com.br\/site\/wp-json\/wp\/v2\/users\/1"}],"replies":[{"embeddable":true,"href":"http:\/\/www.noldpolitech.com.br\/site\/wp-json\/wp\/v2\/comments?post=52"}],"version-history":[{"count":16,"href":"http:\/\/www.noldpolitech.com.br\/site\/wp-json\/wp\/v2\/pages\/52\/revisions"}],"predecessor-version":[{"id":1259,"href":"http:\/\/www.noldpolitech.com.br\/site\/wp-json\/wp\/v2\/pages\/52\/revisions\/1259"}],"wp:attachment":[{"href":"http:\/\/www.noldpolitech.com.br\/site\/wp-json\/wp\/v2\/media?parent=52"}],"curies":[{"name":"wp","href":"https:\/\/api.w.org\/{rel}","templated":true}]}}