{"id":154,"date":"2013-04-20T09:14:49","date_gmt":"2013-04-20T09:14:49","guid":{"rendered":"http:\/\/www.noldpolitech.com.br\/site\/?page_id=154"},"modified":"2023-02-16T01:12:43","modified_gmt":"2023-02-16T01:12:43","slug":"segmentos","status":"publish","type":"page","link":"http:\/\/www.noldpolitech.com.br\/site\/segmentos\/","title":{"rendered":"Segmentos"},"content":{"rendered":"<div class=\"fusion-fullwidth fullwidth-box fusion-builder-row-1 fusion-flex-container hundred-percent-fullwidth non-hundred-percent-height-scrolling\" style=\"background-color: #ffffff;background-position: center center;background-repeat: no-repeat;border-width: 0px 0px 0px 0px;border-color:#e5e4e4;border-style:solid;\" ><div class=\"fusion-builder-row fusion-row fusion-flex-align-items-flex-start\" style=\"width:104% !important;max-width:104% !important;margin-left: calc(-4% \/ 2 );margin-right: calc(-4% \/ 2 );\"><div class=\"fusion-layout-column fusion_builder_column fusion-builder-column-0 fusion_builder_column_1_1 1_1 fusion-flex-column fusion-flex-align-self-flex-start fusion-column-no-min-height\"><div class=\"fusion-column-wrapper fusion-flex-justify-content-flex-start fusion-content-layout-column\" style=\"background-position:left top;background-repeat:no-repeat;-webkit-background-size:cover;-moz-background-size:cover;-o-background-size:cover;background-size:cover;padding: 0px 0px 0px 0px;\"><div class=\"fusion-text fusion-text-1\"><p>Fabrica\u00e7\u00e3o de embalagens pl\u00e1sticas flex\u00edveis (PEBD, PEBDL, PEAD, PA, EVOH), com alto grau de tecnologia e qualidade, para os mais diversos segmentos no mercado de embalagens tais como:<\/p>\n<p>Aliment\u00edcio<br \/>\nHigiene e Limpeza<br \/>\nFarmac\u00eautico<br \/>\nCosm\u00e9tico<\/p>\n<p>Al\u00e9m desses, atendemos outros segmentos, sempre visando a qualidade, transpar\u00eancia, presteza e pontualidade.<\/p>\n<\/div><\/div><style type=\"text\/css\">.fusion-body .fusion-builder-column-0{width:100% !important;margin-top : 0px;margin-bottom : 0px;}.fusion-builder-column-0 > .fusion-column-wrapper {padding-top : 0px !important;padding-right : 0px !important;margin-right : 1.92%;padding-bottom : 0px !important;padding-left : 0px !important;margin-left : 1.92%;}@media only screen and (max-width:1024px) {.fusion-body .fusion-builder-column-0{width:100% !important;}.fusion-builder-column-0 > .fusion-column-wrapper {margin-right : 1.92%;margin-left : 1.92%;}}@media only screen and (max-width:640px) {.fusion-body .fusion-builder-column-0{width:100% !important;}.fusion-builder-column-0 > .fusion-column-wrapper {margin-right : 1.92%;margin-left : 1.92%;}}<\/style><\/div><\/div><style type=\"text\/css\">.fusion-body .fusion-flex-container.fusion-builder-row-1{ padding-top : 0px;margin-top : 0px;padding-right : 0px;padding-bottom : 0px;margin-bottom : 0px;padding-left : 0px;}<\/style><\/div>\n","protected":false},"excerpt":{"rendered":"","protected":false},"author":1,"featured_media":0,"parent":0,"menu_order":0,"comment_status":"closed","ping_status":"closed","template":"","meta":[],"_links":{"self":[{"href":"http:\/\/www.noldpolitech.com.br\/site\/wp-json\/wp\/v2\/pages\/154"}],"collection":[{"href":"http:\/\/www.noldpolitech.com.br\/site\/wp-json\/wp\/v2\/pages"}],"about":[{"href":"http:\/\/www.noldpolitech.com.br\/site\/wp-json\/wp\/v2\/types\/page"}],"author":[{"embeddable":true,"href":"http:\/\/www.noldpolitech.com.br\/site\/wp-json\/wp\/v2\/users\/1"}],"replies":[{"embeddable":true,"href":"http:\/\/www.noldpolitech.com.br\/site\/wp-json\/wp\/v2\/comments?post=154"}],"version-history":[{"count":19,"href":"http:\/\/www.noldpolitech.com.br\/site\/wp-json\/wp\/v2\/pages\/154\/revisions"}],"predecessor-version":[{"id":1239,"href":"http:\/\/www.noldpolitech.com.br\/site\/wp-json\/wp\/v2\/pages\/154\/revisions\/1239"}],"wp:attachment":[{"href":"http:\/\/www.noldpolitech.com.br\/site\/wp-json\/wp\/v2\/media?parent=154"}],"curies":[{"name":"wp","href":"https:\/\/api.w.org\/{rel}","templated":true}]}}