{"id":128,"date":"2013-04-15T12:22:31","date_gmt":"2013-04-15T12:22:31","guid":{"rendered":"http:\/\/www.noldpolitech.com.br\/site\/?page_id=128"},"modified":"2021-08-03T16:23:29","modified_gmt":"2021-08-03T16:23:29","slug":"trabalhe-conosco","status":"publish","type":"page","link":"http:\/\/www.noldpolitech.com.br\/site\/trabalhe-conosco\/","title":{"rendered":"Trabalhe Conosco"},"content":{"rendered":"<div class=\"fusion-fullwidth fullwidth-box fusion-builder-row-1 fusion-flex-container hundred-percent-fullwidth non-hundred-percent-height-scrolling\" style=\"background-color: rgba(255,255,255,0);background-position: center center;background-repeat: no-repeat;border-width: 0px 0px 0px 0px;border-color:#eae9e9;border-style:solid;\" ><div class=\"fusion-builder-row fusion-row fusion-flex-align-items-flex-start\" style=\"width:calc( 100% + 0px ) !important;max-width:calc( 100% + 0px ) !important;margin-left: calc(-0px \/ 2 );margin-right: calc(-0px \/ 2 );\"><div class=\"fusion-layout-column fusion_builder_column fusion-builder-column-0 fusion_builder_column_1_1 1_1 fusion-flex-column fusion-flex-align-self-flex-start fusion-column-no-min-height\"><div class=\"fusion-column-wrapper fusion-flex-justify-content-flex-start fusion-content-layout-column\" style=\"background-position:left top;background-repeat:no-repeat;-webkit-background-size:cover;-moz-background-size:cover;-o-background-size:cover;background-size:cover;padding: 0px 0px 0px 0px;\"><div role=\"form\" class=\"wpcf7\" id=\"wpcf7-f127-o1\" dir=\"ltr\">\n<div class=\"screen-reader-response\"><\/div>\n<form action=\"\/site\/wp-json\/wp\/v2\/pages\/128#wpcf7-f127-o1\" method=\"post\" class=\"wpcf7-form\" novalidate=\"novalidate\">\n<div style=\"display: none;\">\n<input type=\"hidden\" name=\"_wpcf7\" value=\"127\" \/>\n<input type=\"hidden\" name=\"_wpcf7_version\" value=\"4.2.2\" \/>\n<input type=\"hidden\" name=\"_wpcf7_locale\" value=\"\" \/>\n<input type=\"hidden\" name=\"_wpcf7_unit_tag\" value=\"wpcf7-f127-o1\" \/>\n<input type=\"hidden\" name=\"_wpnonce\" value=\"5105c66c76\" \/>\n<\/div>\n<p>* Campos obrigat\u00f3rios<\/p>\n<hr \/>\n<h4>Informa\u00e7\u00f5es pessoais<\/h4>\n<p>Nome Completo*:<br \/>\n<span class=\"wpcf7-form-control-wrap nomecompleto\"><input type=\"text\" name=\"nomecompleto\" value=\"\" size=\"40\" class=\"wpcf7-form-control wpcf7-text wpcf7-validates-as-required\" aria-required=\"true\" aria-invalid=\"false\" \/><\/span><br \/>\nData de Nascimento*:<br \/>\n<span class=\"wpcf7-form-control-wrap datanascimento\"><input type=\"text\" name=\"datanascimento\" value=\"\" size=\"40\" class=\"wpcf7-form-control wpcf7-text wpcf7-validates-as-required\" aria-required=\"true\" aria-invalid=\"false\" \/><\/span><br \/>\nNacionalidade*:<br \/>\n<span class=\"wpcf7-form-control-wrap nacionalidade\"><input type=\"text\" name=\"nacionalidade\" value=\"\" size=\"40\" class=\"wpcf7-form-control wpcf7-text wpcf7-validates-as-required\" aria-required=\"true\" aria-invalid=\"false\" \/><\/span><br \/>\nSexo*:<br \/>\n<span class=\"wpcf7-form-control-wrap sexo\"><select name=\"sexo\" class=\"wpcf7-form-control wpcf7-select wpcf7-validates-as-required\" aria-required=\"true\" aria-invalid=\"false\"><option value=\"Masculino\">Masculino<\/option><option value=\"Feminino\">Feminino<\/option><\/select><\/span><br \/>\nEstado Civil*:<br \/>\n<span class=\"wpcf7-form-control-wrap estadocivil\"><select name=\"estadocivil\" class=\"wpcf7-form-control wpcf7-select wpcf7-validates-as-required\" aria-required=\"true\" aria-invalid=\"false\"><option value=\"Solteiro(a)\">Solteiro(a)<\/option><option value=\"Casado(a)\">Casado(a)<\/option><option value=\"Divorciado(a)\">Divorciado(a)<\/option><option value=\"Vi\u00favo(a)\">Vi\u00favo(a)<\/option><\/select><\/span><\/p>\n<hr \/>\n<h4>Contato<\/h4>\n<p>E-mail*:<br \/>\n<span class=\"wpcf7-form-control-wrap email\"><input type=\"email\" name=\"email\" value=\"\" size=\"40\" class=\"wpcf7-form-control wpcf7-text wpcf7-email wpcf7-validates-as-required wpcf7-validates-as-email\" aria-required=\"true\" aria-invalid=\"false\" \/><\/span><br \/>\nCelular*:<br \/>\n<span class=\"wpcf7-form-control-wrap celular\"><input type=\"text\" name=\"celular\" value=\"\" size=\"40\" class=\"wpcf7-form-control wpcf7-text wpcf7-validates-as-required\" aria-required=\"true\" aria-invalid=\"false\" \/><\/span><br \/>\nTelefone 1:<br \/>\n<span class=\"wpcf7-form-control-wrap telefone1\"><input type=\"text\" name=\"telefone1\" value=\"\" size=\"40\" class=\"wpcf7-form-control wpcf7-text\" aria-invalid=\"false\" \/><\/span><br \/>\nTelefone 2:<br \/>\n<span class=\"wpcf7-form-control-wrap telefone2\"><input type=\"text\" name=\"telefone2\" value=\"\" size=\"40\" class=\"wpcf7-form-control wpcf7-text\" aria-invalid=\"false\" \/><\/span><br \/>\nFax:<br \/>\n<span class=\"wpcf7-form-control-wrap fax\"><input type=\"text\" name=\"fax\" value=\"\" size=\"40\" class=\"wpcf7-form-control wpcf7-text\" aria-invalid=\"false\" \/><\/span><\/p>\n<hr \/>\n<h4>Documentos<\/h4>\n<p>RG*:<br \/>\n<span class=\"wpcf7-form-control-wrap rg\"><input type=\"text\" name=\"rg\" value=\"\" size=\"40\" class=\"wpcf7-form-control wpcf7-text wpcf7-validates-as-required\" aria-required=\"true\" aria-invalid=\"false\" \/><\/span><br \/>\nCPF*:<br \/>\n<span class=\"wpcf7-form-control-wrap cpf\"><input type=\"text\" name=\"cpf\" value=\"\" size=\"40\" class=\"wpcf7-form-control wpcf7-text wpcf7-validates-as-required\" aria-required=\"true\" aria-invalid=\"false\" \/><\/span><br \/>\nCNH:<br \/>\n<span class=\"wpcf7-form-control-wrap cnh\"><input type=\"text\" name=\"cnh\" value=\"\" size=\"40\" class=\"wpcf7-form-control wpcf7-text\" aria-invalid=\"false\" \/><\/span><\/p>\n<hr \/>\n<h4>Endere\u00e7o<\/h4>\n<p>Logradouro*:<br \/>\n<span class=\"wpcf7-form-control-wrap logradouro\"><input type=\"text\" name=\"logradouro\" value=\"\" size=\"40\" class=\"wpcf7-form-control wpcf7-text wpcf7-validates-as-required\" aria-required=\"true\" aria-invalid=\"false\" \/><\/span><br \/>\nN\u00famero*:<br \/>\n<span class=\"wpcf7-form-control-wrap numero\"><input type=\"text\" name=\"numero\" value=\"\" size=\"40\" class=\"wpcf7-form-control wpcf7-text wpcf7-validates-as-required\" aria-required=\"true\" aria-invalid=\"false\" \/><\/span><br \/>\nBairro*:<br \/>\n<span class=\"wpcf7-form-control-wrap bairro\"><input type=\"text\" name=\"bairro\" value=\"\" size=\"40\" class=\"wpcf7-form-control wpcf7-text wpcf7-validates-as-required\" aria-required=\"true\" aria-invalid=\"false\" \/><\/span><br \/>\nCidade*:<br \/>\n<span class=\"wpcf7-form-control-wrap cidade\"><input type=\"text\" name=\"cidade\" value=\"\" size=\"40\" class=\"wpcf7-form-control wpcf7-text wpcf7-validates-as-required\" aria-required=\"true\" aria-invalid=\"false\" \/><\/span><br \/>\nEstado*:<br \/>\n<span class=\"wpcf7-form-control-wrap estado\"><select name=\"estado\" class=\"wpcf7-form-control wpcf7-select wpcf7-validates-as-required\" aria-required=\"true\" aria-invalid=\"false\"><option value=\"Acre\">Acre<\/option><option value=\"Alagoas\">Alagoas<\/option><option value=\"Amap\u00e1\">Amap\u00e1<\/option><option value=\"Amazonas\">Amazonas<\/option><option value=\"Bahia\">Bahia<\/option><option value=\"Cear\u00e1\">Cear\u00e1<\/option><option value=\"Distrito Federal\">Distrito Federal<\/option><option value=\"Esp\u00edrito Santo\">Esp\u00edrito Santo<\/option><option value=\"Goi\u00e1s\">Goi\u00e1s<\/option><option value=\"Maranh\u00e3o\">Maranh\u00e3o<\/option><option value=\"Mato Grosso\">Mato Grosso<\/option><option value=\"Mato Grosso do Sul\">Mato Grosso do Sul<\/option><option value=\"Minas Gerais\">Minas Gerais<\/option><option value=\"Par\u00e1\">Par\u00e1<\/option><option value=\"Para\u00edba\">Para\u00edba<\/option><option value=\"Paran\u00e1\">Paran\u00e1<\/option><option value=\"Pernambuco\">Pernambuco<\/option><option value=\"Piau\u00ed\">Piau\u00ed<\/option><option value=\"Rio de Janeiro\">Rio de Janeiro<\/option><option value=\"Rio Grande do Norte\">Rio Grande do Norte<\/option><option value=\"Rio Grande do Sul\">Rio Grande do Sul<\/option><option value=\"Rond\u00f4nia\">Rond\u00f4nia<\/option><option value=\"Roraima\">Roraima<\/option><option value=\"Santa Catarina\">Santa Catarina<\/option><option value=\"S\u00e3o Paulo\">S\u00e3o Paulo<\/option><option value=\"Sergipe\">Sergipe<\/option><option value=\"Tocantins\">Tocantins<\/option><\/select><\/span><br \/>\nCEP*:<br \/>\n<span class=\"wpcf7-form-control-wrap cep\"><input type=\"text\" name=\"cep\" value=\"\" size=\"40\" class=\"wpcf7-form-control wpcf7-text wpcf7-validates-as-required\" aria-required=\"true\" aria-invalid=\"false\" \/><\/span><\/p>\n<hr \/>\n<h4>Inten\u00e7\u00f5es<\/h4>\n<p>Objetivo:<br \/>\n<span class=\"wpcf7-form-control-wrap objetivo\"><input type=\"text\" name=\"objetivo\" value=\"\" size=\"40\" class=\"wpcf7-form-control wpcf7-text\" aria-invalid=\"false\" \/><\/span><br \/>\n\u00c1rea de interesse:<br \/>\n<span class=\"wpcf7-form-control-wrap areainteresse\"><input type=\"text\" name=\"areainteresse\" value=\"\" size=\"40\" class=\"wpcf7-form-control wpcf7-text\" aria-invalid=\"false\" \/><\/span><br \/>\nPreten\u00e7\u00e3o salarial:<br \/>\n<span class=\"wpcf7-form-control-wrap pretencaosalarial\"><input type=\"text\" name=\"pretencaosalarial\" value=\"\" size=\"40\" class=\"wpcf7-form-control wpcf7-text\" aria-invalid=\"false\" \/><\/span><\/p>\n<hr \/>\n<h4>Idiomas<\/h4>\n<p>Ingl\u00eas:<br \/>\n<span class=\"wpcf7-form-control-wrap ingles\"><select name=\"ingles\" class=\"wpcf7-form-control wpcf7-select\" aria-invalid=\"false\"><option value=\"Sem conhecimento\">Sem conhecimento<\/option><option value=\"B\u00e1sico\">B\u00e1sico<\/option><option value=\"M\u00e9dio\">M\u00e9dio<\/option><option value=\"Avan\u00e7ado\">Avan\u00e7ado<\/option><\/select><\/span><br \/>\nEspanhol:<br \/>\n<span class=\"wpcf7-form-control-wrap espanhol\"><select name=\"espanhol\" class=\"wpcf7-form-control wpcf7-select\" aria-invalid=\"false\"><option value=\"Sem conhecimento\">Sem conhecimento<\/option><option value=\"B\u00e1sico\">B\u00e1sico<\/option><option value=\"M\u00e9dio\">M\u00e9dio<\/option><option value=\"Avan\u00e7ado\">Avan\u00e7ado<\/option><\/select><\/span><\/p>\n<hr \/>\n<h4>Escolaridade<\/h4>\n<p><span class=\"wpcf7-form-control-wrap escolaridade\"><select name=\"escolaridade\" class=\"wpcf7-form-control wpcf7-select\" aria-invalid=\"false\"><option value=\"Ensino M\u00e9dio Incompleto\">Ensino M\u00e9dio Incompleto<\/option><option value=\"Ensino M\u00e9dio Cursando\">Ensino M\u00e9dio Cursando<\/option><option value=\"Ensino M\u00e9dio Completo\">Ensino M\u00e9dio Completo<\/option><option value=\"Curso T\u00e9cnico Incompleto\">Curso T\u00e9cnico Incompleto<\/option><option value=\"Curso T\u00e9cnico Cursando\">Curso T\u00e9cnico Cursando<\/option><option value=\"Curso T\u00e9cnico Completo\">Curso T\u00e9cnico Completo<\/option><option value=\"Gradua\u00e7ao Incompleta\">Gradua\u00e7ao Incompleta<\/option><option value=\"Gradua\u00e7ao Cursando\">Gradua\u00e7ao Cursando<\/option><option value=\"Gradua\u00e7\u00e3o Completa\">Gradua\u00e7\u00e3o Completa<\/option><option value=\"P\u00f3s-Gradua\u00e7\u00e3o N\u00edvel Especializa\u00e7\u00e3o\">P\u00f3s-Gradua\u00e7\u00e3o N\u00edvel Especializa\u00e7\u00e3o<\/option><option value=\"P\u00f3s-Gradua\u00e7\u00e3o N\u00edvel Mestrado\">P\u00f3s-Gradua\u00e7\u00e3o N\u00edvel Mestrado<\/option><option value=\"P\u00f3s-Gradua\u00e7\u00e3o N\u00edvel Doutorado\">P\u00f3s-Gradua\u00e7\u00e3o N\u00edvel Doutorado<\/option><\/select><\/span><\/p>\n<hr \/>\n<h4>Cursos<\/h4>\n<p>Institui\u00e7\u00e3o:<br \/>\n<span class=\"wpcf7-form-control-wrap instituicao1\"><input type=\"text\" name=\"instituicao1\" value=\"\" size=\"40\" class=\"wpcf7-form-control wpcf7-text\" aria-invalid=\"false\" \/><\/span><br \/>\nPer\u00edodo:<br \/>\n<span class=\"wpcf7-form-control-wrap periodocurso1\"><input type=\"text\" name=\"periodocurso1\" value=\"\" size=\"40\" class=\"wpcf7-form-control wpcf7-text\" aria-invalid=\"false\" \/><\/span><br \/>\nTipo:<br \/>\n<span class=\"wpcf7-form-control-wrap tipo1\"><select name=\"tipo1\" class=\"wpcf7-form-control wpcf7-select\" aria-invalid=\"false\"><option value=\"\"><\/option><option value=\"Complementar\">Complementar<\/option><option value=\"T\u00e9cnico\">T\u00e9cnico<\/option><option value=\"Gradua\u00e7\u00e3o\">Gradua\u00e7\u00e3o<\/option><option value=\"P\u00f3s-Gradua\u00e7\u00e3o\">P\u00f3s-Gradua\u00e7\u00e3o<\/option><\/select><\/span><br \/>\nSitua\u00e7\u00e3o:<br \/>\n<span class=\"wpcf7-form-control-wrap situacao1\"><select name=\"situacao1\" class=\"wpcf7-form-control wpcf7-select\" aria-invalid=\"false\"><option value=\"\"><\/option><option value=\"Incompleto\">Incompleto<\/option><option value=\"Cursando\">Cursando<\/option><option value=\"Completo\">Completo<\/option><\/select><\/span><br \/>\nInforma\u00e7\u00f5es:<br \/>\n<span class=\"wpcf7-form-control-wrap informacoescurso1\"><textarea name=\"informacoescurso1\" cols=\"40\" rows=\"10\" class=\"wpcf7-form-control wpcf7-textarea\" aria-invalid=\"false\"><\/textarea><\/span><\/p>\n<p>Institui\u00e7\u00e3o:<br \/>\n<span class=\"wpcf7-form-control-wrap instituicao2\"><input type=\"text\" name=\"instituicao2\" value=\"\" size=\"40\" class=\"wpcf7-form-control wpcf7-text\" aria-invalid=\"false\" \/><\/span><br \/>\nPer\u00edodo:<br \/>\n<span class=\"wpcf7-form-control-wrap periodocurso2\"><input type=\"text\" name=\"periodocurso2\" value=\"\" size=\"40\" class=\"wpcf7-form-control wpcf7-text\" aria-invalid=\"false\" \/><\/span><br \/>\nTipo:<br \/>\n<span class=\"wpcf7-form-control-wrap tipo2\"><select name=\"tipo2\" class=\"wpcf7-form-control wpcf7-select\" aria-invalid=\"false\"><option value=\"\"><\/option><option value=\"Complementar\">Complementar<\/option><option value=\"T\u00e9cnico\">T\u00e9cnico<\/option><option value=\"Gradua\u00e7\u00e3o\">Gradua\u00e7\u00e3o<\/option><option value=\"P\u00f3s-Gradua\u00e7\u00e3o\">P\u00f3s-Gradua\u00e7\u00e3o<\/option><\/select><\/span><br \/>\nSitua\u00e7\u00e3o:<br \/>\n<span class=\"wpcf7-form-control-wrap situacao2\"><select name=\"situacao2\" class=\"wpcf7-form-control wpcf7-select\" aria-invalid=\"false\"><option value=\"\"><\/option><option value=\"Incompleto\">Incompleto<\/option><option value=\"Cursando\">Cursando<\/option><option value=\"Completo\">Completo<\/option><\/select><\/span><br \/>\nInforma\u00e7\u00f5es:<br \/>\n<span class=\"wpcf7-form-control-wrap informacoescurso2\"><textarea name=\"informacoescurso2\" cols=\"40\" rows=\"10\" class=\"wpcf7-form-control wpcf7-textarea\" aria-invalid=\"false\"><\/textarea><\/span><\/p>\n<p>Institui\u00e7\u00e3o:<br \/>\n<span class=\"wpcf7-form-control-wrap instituicao3\"><input type=\"text\" name=\"instituicao3\" value=\"\" size=\"40\" class=\"wpcf7-form-control wpcf7-text\" aria-invalid=\"false\" \/><\/span><br \/>\nPer\u00edodo:<br \/>\n<span class=\"wpcf7-form-control-wrap periodocurso3\"><input type=\"text\" name=\"periodocurso3\" value=\"\" size=\"40\" class=\"wpcf7-form-control wpcf7-text\" aria-invalid=\"false\" \/><\/span><br \/>\nTipo:<br \/>\n<span class=\"wpcf7-form-control-wrap tipo3\"><select name=\"tipo3\" class=\"wpcf7-form-control wpcf7-select\" aria-invalid=\"false\"><option value=\"\"><\/option><option value=\"Complementar\">Complementar<\/option><option value=\"T\u00e9cnico\">T\u00e9cnico<\/option><option value=\"Gradua\u00e7\u00e3o\">Gradua\u00e7\u00e3o<\/option><option value=\"P\u00f3s-Gradua\u00e7\u00e3o\">P\u00f3s-Gradua\u00e7\u00e3o<\/option><\/select><\/span><br \/>\nSitua\u00e7\u00e3o:<br \/>\n<span class=\"wpcf7-form-control-wrap situacao3\"><select name=\"situacao3\" class=\"wpcf7-form-control wpcf7-select\" aria-invalid=\"false\"><option value=\"\"><\/option><option value=\"Incompleto\">Incompleto<\/option><option value=\"Cursando\">Cursando<\/option><option value=\"Completo\">Completo<\/option><\/select><\/span><br \/>\nInforma\u00e7\u00f5es:<br \/>\n<span class=\"wpcf7-form-control-wrap informacoescurso3\"><textarea name=\"informacoescurso3\" cols=\"40\" rows=\"10\" class=\"wpcf7-form-control wpcf7-textarea\" aria-invalid=\"false\"><\/textarea><\/span><\/p>\n<hr \/>\n<h4>Experi\u00eancia Profissional<\/h4>\n<p>Empresa:<br \/>\n<span class=\"wpcf7-form-control-wrap empresa1\"><input type=\"text\" name=\"empresa1\" value=\"\" size=\"40\" class=\"wpcf7-form-control wpcf7-text\" aria-invalid=\"false\" \/><\/span><br \/>\nPer\u00edodo:<br \/>\n<span class=\"wpcf7-form-control-wrap periodo1\"><input type=\"text\" name=\"periodo1\" value=\"\" size=\"40\" class=\"wpcf7-form-control wpcf7-text\" aria-invalid=\"false\" \/><\/span><br \/>\nPrimeiro Cargo:<br \/>\n<span class=\"wpcf7-form-control-wrap primeirocargo1\"><input type=\"text\" name=\"primeirocargo1\" value=\"\" size=\"40\" class=\"wpcf7-form-control wpcf7-text\" aria-invalid=\"false\" \/><\/span><br \/>\n\u00daltimo Cargo:<br \/>\n<span class=\"wpcf7-form-control-wrap ultimocargo1\"><input type=\"text\" name=\"ultimocargo1\" value=\"\" size=\"40\" class=\"wpcf7-form-control wpcf7-text\" aria-invalid=\"false\" \/><\/span><br \/>\n\u00daltimo Sal\u00e1rio:<br \/>\n<span class=\"wpcf7-form-control-wrap ultimosalario1\"><input type=\"text\" name=\"ultimosalario1\" value=\"\" size=\"40\" class=\"wpcf7-form-control wpcf7-text\" aria-invalid=\"false\" \/><\/span><br \/>\nInforma\u00e7\u00f5es:<br \/>\n<span class=\"wpcf7-form-control-wrap informacoesexperiencia1\"><textarea name=\"informacoesexperiencia1\" cols=\"40\" rows=\"10\" class=\"wpcf7-form-control wpcf7-textarea\" aria-invalid=\"false\"><\/textarea><\/span><\/p>\n<p>Empresa:<br \/>\n<span class=\"wpcf7-form-control-wrap empresa2\"><input type=\"text\" name=\"empresa2\" value=\"\" size=\"40\" class=\"wpcf7-form-control wpcf7-text\" aria-invalid=\"false\" \/><\/span><br \/>\nPer\u00edodo:<br \/>\n<span class=\"wpcf7-form-control-wrap periodo2\"><input type=\"text\" name=\"periodo2\" value=\"\" size=\"40\" class=\"wpcf7-form-control wpcf7-text\" aria-invalid=\"false\" \/><\/span><br \/>\nPrimeiro Cargo:<br \/>\n<span class=\"wpcf7-form-control-wrap primeirocargo2\"><input type=\"text\" name=\"primeirocargo2\" value=\"\" size=\"40\" class=\"wpcf7-form-control wpcf7-text\" aria-invalid=\"false\" \/><\/span><br \/>\n\u00daltimo Cargo:<br \/>\n<span class=\"wpcf7-form-control-wrap ultimocargo2\"><input type=\"text\" name=\"ultimocargo2\" value=\"\" size=\"40\" class=\"wpcf7-form-control wpcf7-text\" aria-invalid=\"false\" \/><\/span><br \/>\n\u00daltimo Sal\u00e1rio:<br \/>\n<span class=\"wpcf7-form-control-wrap ultimosalario2\"><input type=\"text\" name=\"ultimosalario2\" value=\"\" size=\"40\" class=\"wpcf7-form-control wpcf7-text\" aria-invalid=\"false\" \/><\/span><br \/>\nInforma\u00e7\u00f5es:<br \/>\n<span class=\"wpcf7-form-control-wrap informacoesexperiencia2\"><textarea name=\"informacoesexperiencia2\" cols=\"40\" rows=\"10\" class=\"wpcf7-form-control wpcf7-textarea\" aria-invalid=\"false\"><\/textarea><\/span><\/p>\n<p>Empresa:<br \/>\n<span class=\"wpcf7-form-control-wrap empresa3\"><input type=\"text\" name=\"empresa3\" value=\"\" size=\"40\" class=\"wpcf7-form-control wpcf7-text\" aria-invalid=\"false\" \/><\/span><br \/>\nPer\u00edodo:<br \/>\n<span class=\"wpcf7-form-control-wrap periodo3\"><input type=\"text\" name=\"periodo3\" value=\"\" size=\"40\" class=\"wpcf7-form-control wpcf7-text\" aria-invalid=\"false\" \/><\/span><br \/>\nPrimeiro Cargo:<br \/>\n<span class=\"wpcf7-form-control-wrap primeirocargo3\"><input type=\"text\" name=\"primeirocargo3\" value=\"\" size=\"40\" class=\"wpcf7-form-control wpcf7-text\" aria-invalid=\"false\" \/><\/span><br \/>\n\u00daltimo Cargo:<br \/>\n<span class=\"wpcf7-form-control-wrap ultimocargo3\"><input type=\"text\" name=\"ultimocargo3\" value=\"\" size=\"40\" class=\"wpcf7-form-control wpcf7-text\" aria-invalid=\"false\" \/><\/span><br \/>\n\u00daltimo Sal\u00e1rio:<br \/>\n<span class=\"wpcf7-form-control-wrap ultimosalario3\"><input type=\"text\" name=\"ultimosalario3\" value=\"\" size=\"40\" class=\"wpcf7-form-control wpcf7-text\" aria-invalid=\"false\" \/><\/span><br \/>\nInforma\u00e7\u00f5es:<br \/>\n<span class=\"wpcf7-form-control-wrap informacoesexperiencia3\"><textarea name=\"informacoesexperiencia3\" cols=\"40\" rows=\"10\" class=\"wpcf7-form-control wpcf7-textarea\" aria-invalid=\"false\"><\/textarea><\/span><\/p>\n<hr \/>\n<h4>Observa\u00e7\u00f5es<\/h4>\n<p><span class=\"wpcf7-form-control-wrap observacoes\"><textarea name=\"observacoes\" cols=\"40\" rows=\"10\" class=\"wpcf7-form-control wpcf7-textarea\" aria-invalid=\"false\"><\/textarea><\/span><\/p>\n<p>Digite corretamente os caracteres abaixo:<br \/>\n<input type=\"hidden\" name=\"_wpcf7_captcha_challenge_captcha\" value=\"3824444848\" \/><img class=\"wpcf7-form-control wpcf7-captchac wpcf7-captcha-captcha\" width=\"84\" height=\"28\" alt=\"captcha\" src=\"http:\/\/www.noldpolitech.com.br\/site\/wp-content\/uploads\/wpcf7_captcha\/3824444848.png\" \/><br \/>\n<span class=\"wpcf7-form-control-wrap captcha\"><input type=\"text\" name=\"captcha\" value=\"\" size=\"40\" class=\"wpcf7-form-control wpcf7-captchar\" aria-invalid=\"false\" \/><\/span><\/p>\n<p><input type=\"submit\" value=\"Enviar\" class=\"wpcf7-form-control wpcf7-submit\" \/><\/p>\n<p>* Campos obrigat\u00f3rios<\/p>\n<div class=\"fusion-alert alert custom alert-custom fusion-alert-center wpcf7-response-output wpcf7-display-none alert-dismissable\" style=\"border-width:1px;\"><button type=\"button\" class=\"close toggle-alert\" data-dismiss=\"alert\" aria-label=\"Close\">&times;<\/button><div class=\"fusion-alert-content-wrapper\"><span class=\"fusion-alert-content\"><\/span><\/div><\/div><\/form><\/div><\/div><style type=\"text\/css\">.fusion-body .fusion-builder-column-0{width:100% !important;margin-top : 0px;margin-bottom : 0px;}.fusion-builder-column-0 > .fusion-column-wrapper {padding-top : 0px !important;padding-right : 0px !important;margin-right : 0px;padding-bottom : 0px !important;padding-left : 0px !important;margin-left : 0px;}@media only screen and (max-width:1024px) {.fusion-body .fusion-builder-column-0{width:100% !important;}.fusion-builder-column-0 > .fusion-column-wrapper {margin-right : 0px;margin-left : 0px;}}@media only screen and (max-width:640px) {.fusion-body .fusion-builder-column-0{width:100% !important;}.fusion-builder-column-0 > .fusion-column-wrapper {margin-right : 0px;margin-left : 0px;}}<\/style><\/div><\/div><style type=\"text\/css\">.fusion-fullwidth.fusion-builder-row-1 { overflow:visible; }.fusion-body .fusion-flex-container.fusion-builder-row-1{ padding-top : 0px;margin-top : 0px;padding-right : 0px;padding-bottom : 0px;margin-bottom : 0px;padding-left : 0px;}<\/style><\/div>\n","protected":false},"excerpt":{"rendered":"","protected":false},"author":1,"featured_media":0,"parent":0,"menu_order":0,"comment_status":"closed","ping_status":"closed","template":"full_width_page.php","meta":[],"_links":{"self":[{"href":"http:\/\/www.noldpolitech.com.br\/site\/wp-json\/wp\/v2\/pages\/128"}],"collection":[{"href":"http:\/\/www.noldpolitech.com.br\/site\/wp-json\/wp\/v2\/pages"}],"about":[{"href":"http:\/\/www.noldpolitech.com.br\/site\/wp-json\/wp\/v2\/types\/page"}],"author":[{"embeddable":true,"href":"http:\/\/www.noldpolitech.com.br\/site\/wp-json\/wp\/v2\/users\/1"}],"replies":[{"embeddable":true,"href":"http:\/\/www.noldpolitech.com.br\/site\/wp-json\/wp\/v2\/comments?post=128"}],"version-history":[{"count":4,"href":"http:\/\/www.noldpolitech.com.br\/site\/wp-json\/wp\/v2\/pages\/128\/revisions"}],"predecessor-version":[{"id":130,"href":"http:\/\/www.noldpolitech.com.br\/site\/wp-json\/wp\/v2\/pages\/128\/revisions\/130"}],"wp:attachment":[{"href":"http:\/\/www.noldpolitech.com.br\/site\/wp-json\/wp\/v2\/media?parent=128"}],"curies":[{"name":"wp","href":"https:\/\/api.w.org\/{rel}","templated":true}]}}