{"id":104,"date":"2013-04-11T05:39:14","date_gmt":"2013-04-11T05:39:14","guid":{"rendered":"http:\/\/www.noldpolitech.com.br\/site\/?page_id=104"},"modified":"2021-08-03T16:23:30","modified_gmt":"2021-08-03T16:23:30","slug":"responsabilidade-social","status":"publish","type":"page","link":"http:\/\/www.noldpolitech.com.br\/site\/responsabilidade-social\/","title":{"rendered":"Responsabilidade Social"},"content":{"rendered":"<p>A Nold Politech reconhece e tem consci\u00eancia do impacto de seus produtos no meio ambiente, portanto busca maneiras de amenizar tal embate de forma respons\u00e1vel. Participamos direta e indiretamente do processo de descarte de res\u00edduos de produ\u00e7\u00e3o de nossos clientes, no que se refere a materiais utilizados nas embalagens de nossos produtos, atrav\u00e9s de remessa e retorno pallets, tubo de alum\u00ednio, tubos de PVC, entre outros.<\/p>\n<p>Seguimos rigorosamente a Lei Federal 12305, Decreto 7404 , Norma NBR10004, nas suas classes I, II-A e II-B, que trata do destino dos res\u00edduos que se enquadram nestas normativas, para \u00e1reas de transbordo, devidamente licenciadas e registradas nos \u00f3rg\u00e3os competentes, por empresa espec\u00edfica de descartes para estes fins.<\/p>\n<p>Buscamos sempre a utiliza\u00e7\u00e3o da \u00e1gua de forma consciente, com a manuten\u00e7\u00e3o preventiva e peri\u00f3dica dos sistemas hidr\u00e1ulicos e reservat\u00f3rios, al\u00e9m da instala\u00e7\u00e3o de torneiras com temporizador por press\u00e3o, em pontos de maior utiliza\u00e7\u00e3o.<\/p>\n<p>Investimos em equipamentos que otimizem o trabalho operacional, reduzindo o consumo de energia el\u00e9trica.<\/p>\n<p>Incentivamos a forma\u00e7\u00e3o de nossos colaboradores, fornecendo treinamento adequado e subsidiando cursos de aperfei\u00e7oamento em outras institui\u00e7\u00f5es. Atrav\u00e9s da parceria com associa\u00e7\u00f5es locais, procuramos ainda incentivar programas sociais.<\/p>\n<p>Respeitamos as disposi\u00e7\u00f5es legais nos padr\u00f5es nacionais e locais, as disposi\u00e7\u00f5es das Conven\u00e7\u00f5es OIT \u2013 n\u00ba 100, referente ao princ\u00edpio da igualdade n\u00ba 29 e 105 do trabalho for\u00e7ado, n\u00ba 138 e 182 do trabalho infantil, n\u00ba 138 \u00a7 2 idade m\u00ednima estabelecida para condi\u00e7\u00f5es de trabalho.<\/p>\n","protected":false},"excerpt":{"rendered":"<p>A Nold Politech reconhece e tem consci\u00eancia do impacto de seus produtos no meio ambiente, portanto busca maneiras de amenizar tal embate de forma respons\u00e1vel. Participamos direta e indiretamente do processo de descarte de res\u00edduos de produ\u00e7\u00e3o de nossos clientes, no que se refere a materiais utilizados nas embalagens de nossos produtos, atrav\u00e9s de remessa [&hellip;]<\/p>\n","protected":false},"author":1,"featured_media":0,"parent":0,"menu_order":0,"comment_status":"closed","ping_status":"closed","template":"","meta":[],"_links":{"self":[{"href":"http:\/\/www.noldpolitech.com.br\/site\/wp-json\/wp\/v2\/pages\/104"}],"collection":[{"href":"http:\/\/www.noldpolitech.com.br\/site\/wp-json\/wp\/v2\/pages"}],"about":[{"href":"http:\/\/www.noldpolitech.com.br\/site\/wp-json\/wp\/v2\/types\/page"}],"author":[{"embeddable":true,"href":"http:\/\/www.noldpolitech.com.br\/site\/wp-json\/wp\/v2\/users\/1"}],"replies":[{"embeddable":true,"href":"http:\/\/www.noldpolitech.com.br\/site\/wp-json\/wp\/v2\/comments?post=104"}],"version-history":[{"count":8,"href":"http:\/\/www.noldpolitech.com.br\/site\/wp-json\/wp\/v2\/pages\/104\/revisions"}],"predecessor-version":[{"id":1218,"href":"http:\/\/www.noldpolitech.com.br\/site\/wp-json\/wp\/v2\/pages\/104\/revisions\/1218"}],"wp:attachment":[{"href":"http:\/\/www.noldpolitech.com.br\/site\/wp-json\/wp\/v2\/media?parent=104"}],"curies":[{"name":"wp","href":"https:\/\/api.w.org\/{rel}","templated":true}]}}