{"id":102,"date":"2013-04-11T05:38:36","date_gmt":"2013-04-11T05:38:36","guid":{"rendered":"http:\/\/www.noldpolitech.com.br\/site\/?page_id=102"},"modified":"2024-08-27T21:02:48","modified_gmt":"2024-08-27T21:02:48","slug":"qualidade","status":"publish","type":"page","link":"http:\/\/www.noldpolitech.com.br\/site\/qualidade\/","title":{"rendered":"Qualidade"},"content":{"rendered":"<p><strong>ISO 9001<\/strong><\/p>\n<p>&nbsp;<\/p>\n<p><a href=\"http:\/\/www.noldpolitech.com.br\/site\/wp-content\/uploads\/2024\/08\/ISO_9001_TUV.jpg\"><img class=\"alignnone size-medium wp-image-1267\" src=\"http:\/\/www.noldpolitech.com.br\/site\/wp-content\/uploads\/2024\/08\/ISO_9001_TUV-300x276.jpg\" alt=\"\" width=\"300\" height=\"276\" srcset=\"http:\/\/www.noldpolitech.com.br\/site\/wp-content\/uploads\/2024\/08\/ISO_9001_TUV-200x184.jpg 200w, http:\/\/www.noldpolitech.com.br\/site\/wp-content\/uploads\/2024\/08\/ISO_9001_TUV-300x276.jpg 300w, http:\/\/www.noldpolitech.com.br\/site\/wp-content\/uploads\/2024\/08\/ISO_9001_TUV-400x368.jpg 400w, http:\/\/www.noldpolitech.com.br\/site\/wp-content\/uploads\/2024\/08\/ISO_9001_TUV-600x551.jpg 600w, http:\/\/www.noldpolitech.com.br\/site\/wp-content\/uploads\/2024\/08\/ISO_9001_TUV-768x706.jpg 768w, http:\/\/www.noldpolitech.com.br\/site\/wp-content\/uploads\/2024\/08\/ISO_9001_TUV-800x735.jpg 800w, http:\/\/www.noldpolitech.com.br\/site\/wp-content\/uploads\/2024\/08\/ISO_9001_TUV-1024x941.jpg 1024w, http:\/\/www.noldpolitech.com.br\/site\/wp-content\/uploads\/2024\/08\/ISO_9001_TUV-1200x1103.jpg 1200w, http:\/\/www.noldpolitech.com.br\/site\/wp-content\/uploads\/2024\/08\/ISO_9001_TUV.jpg 1271w\" sizes=\"(max-width: 300px) 100vw, 300px\" \/><\/a>Somos uma empresa certificada ISO 9001, uma conquista em 2012 pelo sistema de gest\u00e3o da qualidade, que assegura que todos os nossos processos est\u00e3o de acordo com a norma e que a qualidade de nossos materiais segue as especifica\u00e7\u00f5es t\u00e9cnicas exigidas.<\/p>\n<p>A busca pela satisfa\u00e7\u00e3o dos clientes \u00e9 uma constante na Nold Politech, que vem desenvolvendo e mantendo produtos de alta qualidade. O foco no cliente e o compromisso com a excel\u00eancia nos processos de produ\u00e7\u00e3o, tem levado a empresa ao destaque no mercado.<\/p>\n<p>A implementa\u00e7\u00e3o da ISO 9001 permite a melhoria cont\u00ednua dos sistemas de gest\u00e3o da qualidade e dos processos da empresa. Por sua vez, ela aumenta a capacidade de opera\u00e7\u00f5es no atendimento das necessidades e expectativas dos clientes.<\/p>\n<p>Demonstrar um compromisso real com a qualidade dos produtos passa a transformar a cultura corporativa, pois os colaboradores absorvem inteiramente a necessidade de melhoria cont\u00ednua.<\/p>\n<p>Conforme a agente certificadora, a ISO 9001 \u00e9 baseada em oito princ\u00edpios de gerenciamento da qualidade: foco no cliente; lideran\u00e7a; envolvimento das pessoas; abordagem de processos; abordagem de sistema; melhoria cont\u00ednua; tomada de decis\u00f5es baseadas em fatos e rela\u00e7\u00f5es com fornecedores mutuamente ben\u00e9ficas.<\/p>\n<p>Por \u00faltimo, esta Certifica\u00e7\u00e3o caracteriza que a empresa segue os princ\u00edpios de gest\u00e3o da qualidade internacionalmente reconhecidos.<\/p>\n<p><strong>Programa Boas Pr\u00e1ticas de Fabrica\u00e7\u00e3o<\/strong><\/p>\n<p>Segundo a Anvisa, as Boas Pr\u00e1ticas de Fabrica\u00e7\u00e3o (BPF) abrangem um conjunto de medidas que devem ser adotadas pelas ind\u00fastrias de alimentos, a fim de garantir a qualidade sanit\u00e1ria e a conformidade dos produtos aliment\u00edcios com os regulamentos t\u00e9cnicos. A legisla\u00e7\u00e3o sanit\u00e1ria federal regulamenta essas medidas em car\u00e1ter geral, aplic\u00e1vel a todo o tipo de ind\u00fastria de alimentos e espec\u00edfico, voltadas \u00e0s ind\u00fastrias que processam determinadas categorias de alimentos.<\/p>\n<p>O Programa \u00e9 um divisor entre os fornecedores do mercado de produtos aliment\u00edcios, que quando corretamente aplicado, assegura a integridade e a sa\u00fade do consumidor, pois suas regras e princ\u00edpios garantem a boa condi\u00e7\u00e3o do que foi produzido, da mat\u00e9ria prima ao produto final.<\/p>\n<p>A legisla\u00e7\u00e3o brasileira, atrav\u00e9s das Portarias 326\/97 e 368\/97 do Minist\u00e9rio da Sa\u00fade e RDC 275\/02 da Anvisa, estabelece que as normas s\u00e3o obrigat\u00f3rias para todas as ind\u00fastrias de alimentos. No entanto, a Portaria 1428\/93 do Minist\u00e9rio da Sa\u00fade, estabelece um rigoroso controle dos estabelecimentos ligados \u00e0 cadeia produtiva de alimentos.<\/p>\n<p>Como a Nold Politech, comp\u00f5e o elo alimentar, fornecendo filmes mono e multicamadas, vem aplicando as regras das Boas Pr\u00e1ticas de Fabrica\u00e7\u00e3o \u2013 BPF, de forma a assegurar a qualidade e seguran\u00e7a de seus produtos.<\/p>\n<p>&nbsp;<\/p>\n<p><iframe src=\"https:\/\/www.youtube.com\/embed\/s9jRUq2jQCg\" width=\"560\" height=\"315\" frameborder=\"0\" allowfullscreen=\"allowfullscreen\"><\/iframe><\/p>\n","protected":false},"excerpt":{"rendered":"<p>ISO 9001 &nbsp; Somos uma empresa certificada ISO 9001, uma conquista em 2012 pelo sistema de gest\u00e3o da qualidade, que assegura que todos os nossos processos est\u00e3o de acordo com a norma e que a qualidade de nossos materiais segue as especifica\u00e7\u00f5es t\u00e9cnicas exigidas. A busca pela satisfa\u00e7\u00e3o dos clientes \u00e9 uma constante na Nold [&hellip;]<\/p>\n","protected":false},"author":1,"featured_media":0,"parent":0,"menu_order":0,"comment_status":"closed","ping_status":"closed","template":"","meta":[],"_links":{"self":[{"href":"http:\/\/www.noldpolitech.com.br\/site\/wp-json\/wp\/v2\/pages\/102"}],"collection":[{"href":"http:\/\/www.noldpolitech.com.br\/site\/wp-json\/wp\/v2\/pages"}],"about":[{"href":"http:\/\/www.noldpolitech.com.br\/site\/wp-json\/wp\/v2\/types\/page"}],"author":[{"embeddable":true,"href":"http:\/\/www.noldpolitech.com.br\/site\/wp-json\/wp\/v2\/users\/1"}],"replies":[{"embeddable":true,"href":"http:\/\/www.noldpolitech.com.br\/site\/wp-json\/wp\/v2\/comments?post=102"}],"version-history":[{"count":30,"href":"http:\/\/www.noldpolitech.com.br\/site\/wp-json\/wp\/v2\/pages\/102\/revisions"}],"predecessor-version":[{"id":1268,"href":"http:\/\/www.noldpolitech.com.br\/site\/wp-json\/wp\/v2\/pages\/102\/revisions\/1268"}],"wp:attachment":[{"href":"http:\/\/www.noldpolitech.com.br\/site\/wp-json\/wp\/v2\/media?parent=102"}],"curies":[{"name":"wp","href":"https:\/\/api.w.org\/{rel}","templated":true}]}}